{"id":1792,"date":"2019-12-13T15:18:44","date_gmt":"2019-12-13T15:18:44","guid":{"rendered":"https:\/\/solene.qodeinteractive.com\/elementor\/?page_id=1792"},"modified":"2024-04-18T20:05:39","modified_gmt":"2024-04-18T18:05:39","slug":"contact-me","status":"publish","type":"page","link":"https:\/\/theweddingletters.com\/en\/contact-me\/","title":{"rendered":"Contact me"},"content":{"rendered":"\t\t<div data-elementor-type=\"wp-page\" data-elementor-id=\"1792\" class=\"elementor elementor-1792\" data-elementor-post-type=\"page\">\n\t\t\t\t\t\t<section class=\"elementor-section elementor-top-section elementor-element elementor-element-5e76b04 elementor-section-full_width eltdf-elementor-row-grid-section elementor-section-height-default elementor-section-height-default eltdf-parallax-row-no eltdf-content-aligment-left eltdf-disabled-bg-image-bellow-no\" data-id=\"5e76b04\" data-element_type=\"section\">\n\t\t\t\t\t\t<div class=\"elementor-container elementor-column-gap-default\">\n\t\t\t\t\t<div class=\"elementor-column elementor-col-100 elementor-top-column elementor-element elementor-element-1db1c62\" data-id=\"1db1c62\" data-element_type=\"column\">\n\t\t\t<div class=\"elementor-widget-wrap elementor-element-populated\">\n\t\t\t\t\t\t<section class=\"elementor-section elementor-inner-section elementor-element elementor-element-acd5ad4 elementor-section-full_width elementor-section-height-default elementor-section-height-default eltdf-parallax-row-no eltdf-content-aligment-left eltdf-elementor-row-grid-no eltdf-disabled-bg-image-bellow-no\" data-id=\"acd5ad4\" data-element_type=\"section\" data-settings=\"{&quot;background_background&quot;:&quot;classic&quot;}\">\n\t\t\t\t\t\t<div class=\"elementor-container elementor-column-gap-default\">\n\t\t\t\t\t<div class=\"elementor-column elementor-col-100 elementor-inner-column elementor-element elementor-element-c428a08\" data-id=\"c428a08\" data-element_type=\"column\">\n\t\t\t<div class=\"elementor-widget-wrap elementor-element-populated\">\n\t\t\t\t\t\t<div class=\"elementor-element elementor-element-c0f942b elementor-hidden-tablet elementor-hidden-mobile elementor-widget elementor-widget-eltdf_section_title\" data-id=\"c0f942b\" data-element_type=\"widget\" data-widget_type=\"eltdf_section_title.default\">\n\t\t\t\t<div class=\"elementor-widget-container\">\n\t\t\t<div class=\"eltdf-section-title-holder  \" style=\"text-align: center\">\n\t<div class=\"eltdf-st-inner\">\n\t\t\t\t\t\t\t<h1 class=\"eltdf-st-title\" style=\"color: #4D504A\">\n\t\t\t\tContattami\t\t\t\t\t\t\t<\/h1>\n\t\t\t\t\t\t\t<h3  class=\"eltdf-st-subtitle\" style=\"text-transform: none;font-style: italic;color: #84847C\">\n\t\t\t\t<span>\n\t\t\t\t\tCompila il Form per contattarmi.. In alternativa mi potrai scrivere anche su Whatsapp!\t\t\t\t\t\t\t\t\t<\/span>\n\t\t\t<\/h3 >\n\t\t\t\t\t\t\t<\/div>\n<\/div>\t\t<\/div>\n\t\t\t\t<\/div>\n\t\t\t\t<div class=\"elementor-element elementor-element-8ffbdd8 elementor-hidden-desktop elementor-widget elementor-widget-eltdf_section_title\" data-id=\"8ffbdd8\" data-element_type=\"widget\" data-widget_type=\"eltdf_section_title.default\">\n\t\t\t\t<div class=\"elementor-widget-container\">\n\t\t\t<div class=\"eltdf-section-title-holder  \" style=\"text-align: center\">\n\t<div class=\"eltdf-st-inner\">\n\t\t\t\t\t\t\t<h2 class=\"eltdf-st-title\" style=\"color: #4D504A\">\n\t\t\t\tContattami\t\t\t\t\t\t\t<\/h2>\n\t\t\t\t\t\t\t<h3  class=\"eltdf-st-subtitle\" style=\"text-transform: none;font-style: italic;color: #84847C\">\n\t\t\t\t<span>\n\t\t\t\t\tCompila il Form per contattarmi.. In alternativa mi potrai scrivere anche su Whatsapp!\t\t\t\t\t\t\t\t\t<\/span>\n\t\t\t<\/h3 >\n\t\t\t\t\t\t\t<\/div>\n<\/div>\t\t<\/div>\n\t\t\t\t<\/div>\n\t\t\t\t<div class=\"elementor-element elementor-element-c5a85a7 elementor-widget elementor-widget-eltdf_cf7\" data-id=\"c5a85a7\" data-element_type=\"widget\" data-widget_type=\"eltdf_cf7.default\">\n\t\t\t\t<div class=\"elementor-widget-container\">\n\t\t\t    \n<div class=\"wpcf7 no-js\" id=\"wpcf7-f5549-o1\" lang=\"en-US\" dir=\"ltr\">\n<div class=\"screen-reader-response\"><p role=\"status\" aria-live=\"polite\" aria-atomic=\"true\"><\/p> <ul><\/ul><\/div>\n<form action=\"\/en\/wp-json\/wp\/v2\/pages\/1792#wpcf7-f5549-o1\" method=\"post\" class=\"wpcf7-form init\" aria-label=\"Contact form\" novalidate=\"novalidate\" data-status=\"init\">\n<div style=\"display: none;\">\n<input type=\"hidden\" name=\"_wpcf7\" value=\"5549\" \/>\n<input type=\"hidden\" name=\"_wpcf7_version\" value=\"5.9.3\" \/>\n<input type=\"hidden\" name=\"_wpcf7_locale\" value=\"en_US\" \/>\n<input type=\"hidden\" name=\"_wpcf7_unit_tag\" value=\"wpcf7-f5549-o1\" \/>\n<input type=\"hidden\" name=\"_wpcf7_container_post\" value=\"0\" \/>\n<input type=\"hidden\" name=\"_wpcf7_posted_data_hash\" value=\"\" \/>\n<\/div>\n<div class=\"eltdf-custom-cf\">\n   <div class=\"eltdf-grid-list eltdf-two-columns eltdf-normal-space clearfix\">\n      <div class=\"eltdf-outer-space\">\n         <div class=\"eltdf-item-space\"><span class=\"wpcf7-form-control-wrap\" data-name=\"your-name\"><input size=\"40\" class=\"wpcf7-form-control wpcf7-text wpcf7-validates-as-required\" aria-required=\"true\" aria-invalid=\"false\" placeholder=\"Il tuo nome\" value=\"\" type=\"text\" name=\"your-name\" \/><\/span><\/div>\n         <div class=\"eltdf-item-space\"><span class=\"wpcf7-form-control-wrap\" data-name=\"your-surname\"><input size=\"40\" class=\"wpcf7-form-control wpcf7-text wpcf7-validates-as-required\" aria-required=\"true\" aria-invalid=\"false\" placeholder=\"Il tuo cognome\" value=\"\" type=\"text\" name=\"your-surname\" \/><\/span><\/div>\n         <div class=\"eltdf-item-space\"><span class=\"wpcf7-form-control-wrap\" data-name=\"your-email\"><input size=\"40\" class=\"wpcf7-form-control wpcf7-email wpcf7-validates-as-required wpcf7-text wpcf7-validates-as-email\" aria-required=\"true\" aria-invalid=\"false\" placeholder=\"Indirizzo E-Mail\" value=\"\" type=\"email\" name=\"your-email\" \/><\/span><\/div>\n         <div class=\"eltdf-item-space\"><span class=\"wpcf7-form-control-wrap\" data-name=\"tel-905\"><input size=\"40\" class=\"wpcf7-form-control wpcf7-tel wpcf7-validates-as-required wpcf7-text wpcf7-validates-as-tel\" aria-required=\"true\" aria-invalid=\"false\" placeholder=\"Numero di cellulare\" value=\"\" type=\"tel\" name=\"tel-905\" \/><\/span><\/div>\n      <\/div>\n   <\/div>\n<span class=\"wpcf7-form-control-wrap\" data-name=\"your-message\"><textarea cols=\"40\" rows=\"6\" class=\"wpcf7-form-control wpcf7-textarea\" aria-invalid=\"false\" placeholder=\"Come posso aiutarti?\" name=\"your-message\"><\/textarea><\/span>\n\n<button class=\"wpcf7-form-control wpcf7-submit eltdf-btn eltdf-btn-large eltdf-btn-solid\" type=\"submit\"><span class=\"eltdf-btn-text\">INVIA MESSAGGIO<\/span><\/button>\n<\/div><div class=\"wpcf7-response-output\" aria-hidden=\"true\"><\/div>\n<\/form>\n<\/div>\n\t\t<\/div>\n\t\t\t\t<\/div>\n\t\t\t\t\t<\/div>\n\t\t<\/div>\n\t\t\t\t\t<\/div>\n\t\t<\/section>\n\t\t\t\t\t<\/div>\n\t\t<\/div>\n\t\t\t\t\t<\/div>\n\t\t<\/section>\n\t\t\t\t<section class=\"elementor-section elementor-top-section elementor-element elementor-element-53819ba elementor-section-full_width eltdf-elementor-row-grid-section elementor-section-height-default elementor-section-height-default eltdf-parallax-row-no eltdf-content-aligment-left eltdf-disabled-bg-image-bellow-no\" data-id=\"53819ba\" data-element_type=\"section\">\n\t\t\t\t\t\t<div class=\"elementor-container elementor-column-gap-default\">\n\t\t\t\t\t<div class=\"elementor-column elementor-col-25 elementor-top-column elementor-element elementor-element-6034253\" data-id=\"6034253\" data-element_type=\"column\">\n\t\t\t<div class=\"elementor-widget-wrap elementor-element-populated\">\n\t\t\t\t\t\t<div class=\"elementor-element elementor-element-71e65d31 elementor-widget elementor-widget-eltdf_section_title\" data-id=\"71e65d31\" data-element_type=\"widget\" data-widget_type=\"eltdf_section_title.default\">\n\t\t\t\t<div class=\"elementor-widget-container\">\n\t\t\t<div class=\"eltdf-section-title-holder  \" style=\"text-align: center\">\n\t<div class=\"eltdf-st-inner\">\n\t\t\t\t\t\t\t<h3 class=\"eltdf-st-title\" style=\"color: #4D504A\">\n\t\t\t\tE-Mail\t\t\t\t\t\t\t<\/h3>\n\t\t\t\t\t\t\t<p  class=\"eltdf-st-subtitle\" style=\"text-transform: none;color: #84847C\">\n\t\t\t\t<span>\n\t\t\t\t\tinfo@theweddingletters.com\t\t\t\t\t\t\t\t\t\t\t<a class=\"eltdf-st-subtitle-link\" href=\"mailto:Solene@qodeinteractive.com\" target=\"_self\"><\/a>\n\t\t\t\t\t\t\t\t\t<\/span>\n\t\t\t<\/p >\n\t\t\t\t\t\t\t<\/div>\n<\/div>\t\t<\/div>\n\t\t\t\t<\/div>\n\t\t\t\t\t<\/div>\n\t\t<\/div>\n\t\t\t\t<div class=\"elementor-column elementor-col-25 elementor-top-column elementor-element elementor-element-58a1cad\" data-id=\"58a1cad\" data-element_type=\"column\">\n\t\t\t<div class=\"elementor-widget-wrap elementor-element-populated\">\n\t\t\t\t\t\t<div class=\"elementor-element elementor-element-7b080346 elementor-widget elementor-widget-eltdf_section_title\" data-id=\"7b080346\" data-element_type=\"widget\" data-widget_type=\"eltdf_section_title.default\">\n\t\t\t\t<div class=\"elementor-widget-container\">\n\t\t\t<div class=\"eltdf-section-title-holder  \" style=\"text-align: center\">\n\t<div class=\"eltdf-st-inner\">\n\t\t\t\t\t\t\t<h3 class=\"eltdf-st-title\" style=\"color: #4D504A\">\n\t\t\t\tIndirizzo Sede\t\t\t\t\t\t\t<\/h3>\n\t\t\t\t\t\t\t<p  class=\"eltdf-st-subtitle\" style=\"text-transform: none;color: #84847C\">\n\t\t\t\t<span>\n\t\t\t\t\tVia del Cilianuzzo, 121, 59100 Prato PO\t\t\t\t\t\t\t\t\t\t\t<a class=\"eltdf-st-subtitle-link\" href=\"https:\/\/www.google.com\/maps\/place\/Uniqlo+Soho\/@40.7190772,-74.001693,16z\/data=!4m13!1m7!3m6!1s0x89c24fa5d33f083b:0xc80b8f06e177fe62!2sNew+York,+NY,+USA!3b1!8m2!3d40.7127753!4d-74.0059728!3m4!1s0x89c2598edb6242d3:0x4ae291a9ff31e800!8m2!3d40.7234983!4d-73.9982012\" target=\"_blank\"><\/a>\n\t\t\t\t\t\t\t\t\t<\/span>\n\t\t\t<\/p >\n\t\t\t\t\t\t\t<\/div>\n<\/div>\t\t<\/div>\n\t\t\t\t<\/div>\n\t\t\t\t\t<\/div>\n\t\t<\/div>\n\t\t\t\t<div class=\"elementor-column elementor-col-25 elementor-top-column elementor-element elementor-element-bd67750\" data-id=\"bd67750\" data-element_type=\"column\">\n\t\t\t<div class=\"elementor-widget-wrap elementor-element-populated\">\n\t\t\t\t\t\t<div class=\"elementor-element elementor-element-31bdb951 elementor-widget elementor-widget-eltdf_section_title\" data-id=\"31bdb951\" data-element_type=\"widget\" data-widget_type=\"eltdf_section_title.default\">\n\t\t\t\t<div class=\"elementor-widget-container\">\n\t\t\t<div class=\"eltdf-section-title-holder  \" style=\"text-align: center\">\n\t<div class=\"eltdf-st-inner\">\n\t\t\t\t\t\t\t<h3 class=\"eltdf-st-title\" style=\"color: #4D504A\">\n\t\t\t\tCHIAMAMI\t\t\t\t\t\t\t<\/h3>\n\t\t\t\t\t\t\t<p  class=\"eltdf-st-subtitle\" style=\"text-transform: none;color: #84847C\">\n\t\t\t\t<span>\n\t\t\t\t\t+39 334 950 0964\t\t\t\t\t\t\t\t\t\t\t<a class=\"eltdf-st-subtitle-link\" href=\"tel:123456789045678\" target=\"_self\"><\/a>\n\t\t\t\t\t\t\t\t\t<\/span>\n\t\t\t<\/p >\n\t\t\t\t\t\t\t<\/div>\n<\/div>\t\t<\/div>\n\t\t\t\t<\/div>\n\t\t\t\t\t<\/div>\n\t\t<\/div>\n\t\t\t\t<div class=\"elementor-column elementor-col-25 elementor-top-column elementor-element elementor-element-98500cf\" data-id=\"98500cf\" data-element_type=\"column\">\n\t\t\t<div class=\"elementor-widget-wrap elementor-element-populated\">\n\t\t\t\t\t\t<div class=\"elementor-element elementor-element-79217ae4 elementor-widget elementor-widget-eltdf_section_title\" data-id=\"79217ae4\" data-element_type=\"widget\" data-widget_type=\"eltdf_section_title.default\">\n\t\t\t\t<div class=\"elementor-widget-container\">\n\t\t\t<div class=\"eltdf-section-title-holder  \" style=\"text-align: center\">\n\t<div class=\"eltdf-st-inner\">\n\t\t\t\t\t\t\t<h3 class=\"eltdf-st-title\" style=\"color: #4D504A\">\n\t\t\t\tFacebook\t\t\t\t\t\t\t<\/h3>\n\t\t\t\t\t\t\t<p  class=\"eltdf-st-subtitle\" style=\"text-transform: none;color: #84847C\">\n\t\t\t\t<span>\n\t\t\t\t\t@TheWeddingLettersdiLauraMazzetti\t\t\t\t\t\t\t\t\t\t\t<a class=\"eltdf-st-subtitle-link\" href=\"https:\/\/www.instagram.com\/qodeinteractive\/\" target=\"_blank\"><\/a>\n\t\t\t\t\t\t\t\t\t<\/span>\n\t\t\t<\/p >\n\t\t\t\t\t\t\t<\/div>\n<\/div>\t\t<\/div>\n\t\t\t\t<\/div>\n\t\t\t\t\t<\/div>\n\t\t<\/div>\n\t\t\t\t\t<\/div>\n\t\t<\/section>\n\t\t\t\t<section class=\"elementor-section elementor-top-section elementor-element elementor-element-42512ec2 elementor-section-full_width elementor-section-height-default elementor-section-height-default eltdf-parallax-row-no eltdf-content-aligment-left eltdf-elementor-row-grid-no eltdf-disabled-bg-image-bellow-no\" data-id=\"42512ec2\" data-element_type=\"section\" data-settings=\"{&quot;background_background&quot;:&quot;classic&quot;}\">\n\t\t\t\t\t\t<div class=\"elementor-container elementor-column-gap-default\">\n\t\t\t\t\t<div class=\"elementor-column elementor-col-100 elementor-top-column elementor-element elementor-element-12ac3bc5\" data-id=\"12ac3bc5\" data-element_type=\"column\">\n\t\t\t<div class=\"elementor-widget-wrap elementor-element-populated\">\n\t\t\t\t\t\t<div class=\"elementor-element elementor-element-a69c941 elementor-widget elementor-widget-eltdf_section_title\" data-id=\"a69c941\" data-element_type=\"widget\" data-widget_type=\"eltdf_section_title.default\">\n\t\t\t\t<div class=\"elementor-widget-container\">\n\t\t\t<div class=\"eltdf-section-title-holder  \" style=\"text-align: center\">\n\t<div class=\"eltdf-st-inner\">\n\t\t\t\t\t\t\t<h2 class=\"eltdf-st-title\" >\n\t\t\t\tSeguimi su Instagram\t\t\t\t\t\t\t<\/h2>\n\t\t\t\t\t\t\t<h3  class=\"eltdf-st-subtitle\" style=\"text-transform: none;font-style: italic;color: #84847C\">\n\t\t\t\t<span>\n\t\t\t\t\t@lauramazzettitheweddingletters\t\t\t\t\t\t\t\t\t<\/span>\n\t\t\t<\/h3 >\n\t\t\t\t\t\t\t<\/div>\n<\/div>\t\t<\/div>\n\t\t\t\t<\/div>\n\t\t\t\t\t<\/div>\n\t\t<\/div>\n\t\t\t\t\t<\/div>\n\t\t<\/section>\n\t\t<div class=\"elementor-element elementor-element-aeae27d e-flex e-con-boxed e-con e-parent\" data-id=\"aeae27d\" data-element_type=\"container\">\n\t\t\t\t\t<div class=\"e-con-inner\">\n\t\t\t\t<div class=\"elementor-element elementor-element-7ecb0a6 elementor-widget elementor-widget-text-editor\" data-id=\"7ecb0a6\" data-element_type=\"widget\" data-widget_type=\"text-editor.default\">\n\t\t\t\t<div class=\"elementor-widget-container\">\n\t\t\t<style>\/*! elementor - v3.21.0 - 15-04-2024 *\/\n.elementor-widget-text-editor.elementor-drop-cap-view-stacked .elementor-drop-cap{background-color:#69727d;color:#fff}.elementor-widget-text-editor.elementor-drop-cap-view-framed .elementor-drop-cap{color:#69727d;border:3px solid;background-color:transparent}.elementor-widget-text-editor:not(.elementor-drop-cap-view-default) .elementor-drop-cap{margin-top:8px}.elementor-widget-text-editor:not(.elementor-drop-cap-view-default) .elementor-drop-cap-letter{width:1em;height:1em}.elementor-widget-text-editor .elementor-drop-cap{float:left;text-align:center;line-height:1;font-size:50px}.elementor-widget-text-editor .elementor-drop-cap-letter{display:inline-block}<\/style>\t\t\t\t<p>Sono qui per creare partecipazioni e coordinati di matrimonio personalizzati, catturando l&#8217;essenza unica di ogni coppia, comprendere appieno la loro visione e trasformarla in realt\u00e0 cosicch\u00e9 il loro matrimonio sia un evento davvero indimenticabile, distinguendolo per creativit\u00e0 e attenzione ai dettagli. Dagli inviti di nozze ai programmi, dai segnaposto ai menu e tableau, ogni pezzo della wedding stationery \u00e8 curato nei minimi dettagli, utilizzando materiali di alta qualit\u00e0 e design accattivanti, scegliendo in un&#8217;ampia gamma di stili, dalle classiche e formali, alle moderne e audaci, adattandole perfettamente alle vostre preferenze. Un servizio di alta qualit\u00e0 che punta sulla precisione, l&#8217;attenzione ai dettagli e la puntualit\u00e0 nella consegna. Ogni singolo pezzo sar\u00e0 unico e rappresenter\u00e0 perfettamente l&#8217;amore e la felicit\u00e0 che circondano il giorno del vostro matrimonio..<\/p>\t\t\t\t\t\t<\/div>\n\t\t\t\t<\/div>\n\t\t\t\t\t<\/div>\n\t\t\t\t<\/div>\n\t\t\t\t<\/div>\n\t\t","protected":false},"excerpt":{"rendered":"<p>Contattami Compila il Form per contattarmi.. In alternativa mi potrai scrivere anche su Whatsapp! Contattami Compila il Form per contattarmi.. In alternativa mi potrai scrivere anche su Whatsapp! INVIA MESSAGGIO E-Mail info@theweddingletters.com Indirizzo Sede Via del Cilianuzzo, 121, 59100 Prato [&hellip;]<\/p>\n","protected":false},"author":1,"featured_media":0,"parent":0,"menu_order":0,"comment_status":"closed","ping_status":"closed","template":"full-width.php","meta":{"footnotes":""},"yoast_head":"<!-- This site is optimized with the Yoast SEO Premium plugin v21.5 (Yoast SEO v22.5) - https:\/\/yoast.com\/wordpress\/plugins\/seo\/ -->\n<title>Contact me - The Wedding Letters<\/title>\n<meta name=\"robots\" content=\"index, follow, max-snippet:-1, max-image-preview:large, max-video-preview:-1\" \/>\n<link rel=\"canonical\" href=\"https:\/\/theweddingletters.com\/en\/contact-me\/\" \/>\n<meta property=\"og:locale\" content=\"en_US\" \/>\n<meta property=\"og:type\" content=\"article\" \/>\n<meta property=\"og:title\" content=\"Contact me\" \/>\n<meta property=\"og:description\" content=\"Contattami Compila il Form per contattarmi.. In alternativa mi potrai scrivere anche su Whatsapp! Contattami Compila il Form per contattarmi.. In alternativa mi potrai scrivere anche su Whatsapp! INVIA MESSAGGIO E-Mail info@theweddingletters.com Indirizzo Sede Via del Cilianuzzo, 121, 59100 Prato [&hellip;]\" \/>\n<meta property=\"og:url\" content=\"https:\/\/theweddingletters.com\/en\/contact-me\/\" \/>\n<meta property=\"og:site_name\" content=\"The Wedding Letters\" \/>\n<meta property=\"article:modified_time\" content=\"2024-04-18T18:05:39+00:00\" \/>\n<meta name=\"twitter:card\" content=\"summary_large_image\" \/>\n<meta name=\"twitter:label1\" content=\"Est. reading time\" \/>\n\t<meta name=\"twitter:data1\" content=\"1 minute\" \/>\n<script type=\"application\/ld+json\" class=\"yoast-schema-graph\">{\"@context\":\"https:\/\/schema.org\",\"@graph\":[{\"@type\":\"WebPage\",\"@id\":\"https:\/\/theweddingletters.com\/en\/contact-me\/\",\"url\":\"https:\/\/theweddingletters.com\/en\/contact-me\/\",\"name\":\"Contact me - The Wedding Letters\",\"isPartOf\":{\"@id\":\"https:\/\/theweddingletters.com\/en\/#website\"},\"datePublished\":\"2019-12-13T15:18:44+00:00\",\"dateModified\":\"2024-04-18T18:05:39+00:00\",\"breadcrumb\":{\"@id\":\"https:\/\/theweddingletters.com\/en\/contact-me\/#breadcrumb\"},\"inLanguage\":\"en-US\",\"potentialAction\":[{\"@type\":\"ReadAction\",\"target\":[\"https:\/\/theweddingletters.com\/en\/contact-me\/\"]}]},{\"@type\":\"BreadcrumbList\",\"@id\":\"https:\/\/theweddingletters.com\/en\/contact-me\/#breadcrumb\",\"itemListElement\":[{\"@type\":\"ListItem\",\"position\":1,\"name\":\"Home\",\"item\":\"https:\/\/theweddingletters.com\/en\/\"},{\"@type\":\"ListItem\",\"position\":2,\"name\":\"Contact me\"}]},{\"@type\":\"WebSite\",\"@id\":\"https:\/\/theweddingletters.com\/en\/#website\",\"url\":\"https:\/\/theweddingletters.com\/en\/\",\"name\":\"The Wedding Letters\",\"description\":\"\",\"potentialAction\":[{\"@type\":\"SearchAction\",\"target\":{\"@type\":\"EntryPoint\",\"urlTemplate\":\"https:\/\/theweddingletters.com\/en\/?s={search_term_string}\"},\"query-input\":\"required name=search_term_string\"}],\"inLanguage\":\"en-US\"}]}<\/script>\n<!-- \/ Yoast SEO Premium plugin. -->","yoast_head_json":{"title":"Contact me - The Wedding Letters","robots":{"index":"index","follow":"follow","max-snippet":"max-snippet:-1","max-image-preview":"max-image-preview:large","max-video-preview":"max-video-preview:-1"},"canonical":"https:\/\/theweddingletters.com\/en\/contact-me\/","og_locale":"en_US","og_type":"article","og_title":"Contact me","og_description":"Contattami Compila il Form per contattarmi.. In alternativa mi potrai scrivere anche su Whatsapp! Contattami Compila il Form per contattarmi.. In alternativa mi potrai scrivere anche su Whatsapp! INVIA MESSAGGIO E-Mail info@theweddingletters.com Indirizzo Sede Via del Cilianuzzo, 121, 59100 Prato [&hellip;]","og_url":"https:\/\/theweddingletters.com\/en\/contact-me\/","og_site_name":"The Wedding Letters","article_modified_time":"2024-04-18T18:05:39+00:00","twitter_card":"summary_large_image","twitter_misc":{"Est. reading time":"1 minute"},"schema":{"@context":"https:\/\/schema.org","@graph":[{"@type":"WebPage","@id":"https:\/\/theweddingletters.com\/en\/contact-me\/","url":"https:\/\/theweddingletters.com\/en\/contact-me\/","name":"Contact me - The Wedding Letters","isPartOf":{"@id":"https:\/\/theweddingletters.com\/en\/#website"},"datePublished":"2019-12-13T15:18:44+00:00","dateModified":"2024-04-18T18:05:39+00:00","breadcrumb":{"@id":"https:\/\/theweddingletters.com\/en\/contact-me\/#breadcrumb"},"inLanguage":"en-US","potentialAction":[{"@type":"ReadAction","target":["https:\/\/theweddingletters.com\/en\/contact-me\/"]}]},{"@type":"BreadcrumbList","@id":"https:\/\/theweddingletters.com\/en\/contact-me\/#breadcrumb","itemListElement":[{"@type":"ListItem","position":1,"name":"Home","item":"https:\/\/theweddingletters.com\/en\/"},{"@type":"ListItem","position":2,"name":"Contact me"}]},{"@type":"WebSite","@id":"https:\/\/theweddingletters.com\/en\/#website","url":"https:\/\/theweddingletters.com\/en\/","name":"The Wedding Letters","description":"","potentialAction":[{"@type":"SearchAction","target":{"@type":"EntryPoint","urlTemplate":"https:\/\/theweddingletters.com\/en\/?s={search_term_string}"},"query-input":"required name=search_term_string"}],"inLanguage":"en-US"}]}},"_links":{"self":[{"href":"https:\/\/theweddingletters.com\/en\/wp-json\/wp\/v2\/pages\/1792"}],"collection":[{"href":"https:\/\/theweddingletters.com\/en\/wp-json\/wp\/v2\/pages"}],"about":[{"href":"https:\/\/theweddingletters.com\/en\/wp-json\/wp\/v2\/types\/page"}],"author":[{"embeddable":true,"href":"https:\/\/theweddingletters.com\/en\/wp-json\/wp\/v2\/users\/1"}],"replies":[{"embeddable":true,"href":"https:\/\/theweddingletters.com\/en\/wp-json\/wp\/v2\/comments?post=1792"}],"version-history":[{"count":21,"href":"https:\/\/theweddingletters.com\/en\/wp-json\/wp\/v2\/pages\/1792\/revisions"}],"predecessor-version":[{"id":6694,"href":"https:\/\/theweddingletters.com\/en\/wp-json\/wp\/v2\/pages\/1792\/revisions\/6694"}],"wp:attachment":[{"href":"https:\/\/theweddingletters.com\/en\/wp-json\/wp\/v2\/media?parent=1792"}],"curies":[{"name":"wp","href":"https:\/\/api.w.org\/{rel}","templated":true}]}}